{"id":810,"date":"2025-12-26T16:48:50","date_gmt":"2025-12-26T16:48:50","guid":{"rendered":"https:\/\/peachpuff-crab-887725.hostingersite.com\/?page_id=810"},"modified":"2025-12-26T17:29:14","modified_gmt":"2025-12-26T17:29:14","slug":"integritetspolicy","status":"publish","type":"page","link":"https:\/\/wermlandslarm.se\/?page_id=810","title":{"rendered":"Integritetspolicy"},"content":{"rendered":"<style>.elementor-810 .elementor-element.elementor-element-12e2f0bb > .elementor-container > .elementor-column > .elementor-widget-wrap{align-content:center;align-items:center;}.elementor-810 .elementor-element.elementor-element-12e2f0bb:not(.elementor-motion-effects-element-type-background), .elementor-810 .elementor-element.elementor-element-12e2f0bb > .elementor-motion-effects-container > .elementor-motion-effects-layer{background-image:url(\"https:\/\/wermlandslarm.se\/wp-content\/uploads\/2025\/12\/aO-IR6-Security-Cam01.webp\");background-position:top center;background-repeat:no-repeat;background-size:cover;}.elementor-810 .elementor-element.elementor-element-12e2f0bb > .elementor-background-overlay{background-color:var( --e-global-color-f06adda );opacity:0.6;transition:background 0.3s, border-radius 0.3s, opacity 0.3s;}.elementor-810 .elementor-element.elementor-element-12e2f0bb > .elementor-container{min-height:500px;}.elementor-810 .elementor-element.elementor-element-12e2f0bb{transition:background 0.3s, border 0.3s, border-radius 0.3s, box-shadow 0.3s;margin-top:0px;margin-bottom:110px;padding:0px 15px 0px 15px;}.elementor-810 .elementor-element.elementor-element-62b8140c > .elementor-element-populated{transition:background 0.3s, border 0.3s, border-radius 0.3s, box-shadow 0.3s;margin:100px 0px 0px 0px;--e-column-margin-right:0px;--e-column-margin-left:0px;}.elementor-810 .elementor-element.elementor-element-62b8140c > .elementor-element-populated > .elementor-background-overlay{transition:background 0.3s, border-radius 0.3s, opacity 0.3s;}.elementor-810 .elementor-element.elementor-element-19755d83{text-align:center;}.elementor-810 .elementor-element.elementor-element-19755d83 .elementor-heading-title{color:var( --e-global-color-21bfb04 );}.elementor-810 .elementor-element.elementor-element-ebfc669{--display:flex;--flex-direction:column;--container-widget-width:100%;--container-widget-height:initial;--container-widget-flex-grow:0;--container-widget-align-self:initial;--flex-wrap-mobile:wrap;}.elementor-810 .elementor-element.elementor-element-5c346c1{text-align:center;}.elementor-810 .elementor-element.elementor-element-a3abe83{--display:flex;--flex-direction:column;--container-widget-width:100%;--container-widget-height:initial;--container-widget-flex-grow:0;--container-widget-align-self:initial;--flex-wrap-mobile:wrap;}.elementor-810 .elementor-element.elementor-element-9405dae{text-align:center;}:root{--page-title-display:none;}@media(max-width:1024px){.elementor-810 .elementor-element.elementor-element-62b8140c > .elementor-element-populated{margin:145px 0px 0px 0px;--e-column-margin-right:0px;--e-column-margin-left:0px;}}@media(max-width:767px){.elementor-810 .elementor-element.elementor-element-12e2f0bb > .elementor-container{min-height:450px;}.elementor-810 .elementor-element.elementor-element-12e2f0bb{margin-top:0px;margin-bottom:100px;}.elementor-810 .elementor-element.elementor-element-62b8140c > .elementor-element-populated{margin:200px 0px 0px 0px;--e-column-margin-right:0px;--e-column-margin-left:0px;}}<\/style>\t\t<div data-elementor-type=\"wp-page\" data-elementor-id=\"810\" class=\"elementor elementor-810\">\n\t\t\t\t\t\t<section class=\"elementor-section elementor-top-section elementor-element elementor-element-12e2f0bb elementor-section-height-min-height elementor-section-content-middle elementor-section-boxed elementor-section-height-default elementor-section-items-middle\" data-id=\"12e2f0bb\" data-element_type=\"section\" data-settings=\"{&quot;background_background&quot;:&quot;classic&quot;}\">\n\t\t\t\t\t\t\t<div class=\"elementor-background-overlay\"><\/div>\n\t\t\t\t\t\t\t<div class=\"elementor-container elementor-column-gap-no\">\n\t\t\t\t\t<div class=\"elementor-column elementor-col-100 elementor-top-column elementor-element elementor-element-62b8140c\" data-id=\"62b8140c\" data-element_type=\"column\" data-settings=\"{&quot;background_background&quot;:&quot;classic&quot;}\">\n\t\t\t<div class=\"elementor-widget-wrap elementor-element-populated\">\n\t\t\t\t\t\t<div class=\"elementor-element elementor-element-19755d83 elementor-widget elementor-widget-heading\" data-id=\"19755d83\" data-element_type=\"widget\" data-widget_type=\"heading.default\">\n\t\t\t\t\t<h1 class=\"elementor-heading-title elementor-size-default\">Integritetspolicy<\/h1>\t\t\t\t<\/div>\n\t\t\t\t\t<\/div>\n\t\t<\/div>\n\t\t\t\t\t<\/div>\n\t\t<\/section>\n\t\t<div class=\"elementor-element elementor-element-ebfc669 e-flex e-con-boxed e-con e-parent\" data-id=\"ebfc669\" data-element_type=\"container\">\n\t\t\t\t\t<div class=\"e-con-inner\">\n\t\t\t\t<div class=\"elementor-element elementor-element-5c346c1 elementor-widget elementor-widget-heading\" data-id=\"5c346c1\" data-element_type=\"widget\" data-widget_type=\"heading.default\">\n\t\t\t\t\t<h2 class=\"elementor-heading-title elementor-size-default\">Integritetspolicy<\/h2>\t\t\t\t<\/div>\n\t\t\t\t\t<\/div>\n\t\t\t\t<\/div>\n\t\t<div class=\"elementor-element elementor-element-a3abe83 e-flex e-con-boxed e-con e-parent\" data-id=\"a3abe83\" data-element_type=\"container\">\n\t\t\t\t\t<div class=\"e-con-inner\">\n\t\t\t\t<div class=\"elementor-element elementor-element-9405dae elementor-widget elementor-widget-text-editor\" data-id=\"9405dae\" data-element_type=\"widget\" data-widget_type=\"text-editor.default\">\n\t\t\t\t\t\t\t\t\t<p data-start=\"141\" data-end=\"157\">1. Allm\u00e4nt<\/p><p data-start=\"158\" data-end=\"440\">Wermlands Larm v\u00e4rnar om din personliga integritet. Denna integritetspolicy beskriver hur vi samlar in, anv\u00e4nder och skyddar personuppgifter i samband med v\u00e5r webbplats och v\u00e5ra tj\u00e4nster, samt hur vi s\u00e4kerst\u00e4ller att behandlingen sker i enlighet med g\u00e4llande dataskyddslagstiftning.<\/p><p data-start=\"442\" data-end=\"479\">2. Personuppgifter vi samlar in<\/p><p data-start=\"480\" data-end=\"689\">N\u00e4r du kontaktar oss via v\u00e5r webbplats, telefon eller e-post kan vi samla in personuppgifter s\u00e5som namn, f\u00f6retagsnamn, telefonnummer, e-postadress samt information som l\u00e4mnas i meddelanden via kontaktformul\u00e4r.<\/p><p data-start=\"691\" data-end=\"727\">3. Hur vi anv\u00e4nder uppgifterna<\/p><p data-start=\"728\" data-end=\"1013\">De personuppgifter som samlas in anv\u00e4nds f\u00f6r att besvara f\u00f6rfr\u00e5gningar, hantera kontaktf\u00f6rslag, tillhandah\u00e5lla och f\u00f6lja upp v\u00e5ra tj\u00e4nster samt f\u00f6r att kommunicera med kunder och potentiella kunder. Vi samlar endast in och behandlar personuppgifter som \u00e4r n\u00f6dv\u00e4ndiga f\u00f6r dessa \u00e4ndam\u00e5l.<\/p><p data-start=\"1015\" data-end=\"1041\">4. Lagring och skydd<\/p><p data-start=\"1042\" data-end=\"1285\">Personuppgifter lagras endast s\u00e5 l\u00e4nge det \u00e4r n\u00f6dv\u00e4ndigt f\u00f6r \u00e4ndam\u00e5let eller enligt till\u00e4mpliga lagkrav. Vi vidtar l\u00e4mpliga tekniska och organisatoriska s\u00e4kerhets\u00e5tg\u00e4rder f\u00f6r att skydda uppgifterna mot obeh\u00f6rig \u00e5tkomst, f\u00f6rlust eller missbruk.<\/p><p data-start=\"1287\" data-end=\"1316\">5. Delning av uppgifter<\/p><p data-start=\"1317\" data-end=\"1607\">Wermlands Larm delar inte personuppgifter med tredje part, f\u00f6rutom n\u00e4r det \u00e4r n\u00f6dv\u00e4ndigt f\u00f6r att tillhandah\u00e5lla v\u00e5ra tj\u00e4nster eller n\u00e4r det kr\u00e4vs enligt lag. I vissa fall kan uppgifter delas med samarbetspartners, s\u00e5som <strong data-start=\"1537\" data-end=\"1557\">Securitas Direct<\/strong>, enbart i syfte att utf\u00f6ra den aktuella tj\u00e4nsten.<\/p><p data-start=\"1609\" data-end=\"1634\">6. Dina r\u00e4ttigheter<\/p><p data-start=\"1635\" data-end=\"1888\">Du har r\u00e4tt att beg\u00e4ra information om vilka personuppgifter vi behandlar om dig, beg\u00e4ra r\u00e4ttelse eller radering av felaktiga uppgifter, inv\u00e4nda mot behandling samt \u00e5terkalla ditt samtycke. F\u00f6r att ut\u00f6va dina r\u00e4ttigheter \u00e4r du v\u00e4lkommen att kontakta oss.<\/p><p data-start=\"1890\" data-end=\"1906\">7. Kontakt<\/p><p data-start=\"1907\" data-end=\"2090\">Har du fr\u00e5gor om hur vi hanterar personuppgifter eller om denna integritetspolicy kan du kontakta oss via e-post p\u00e5 <strong data-start=\"2023\" data-end=\"2048\"><a class=\"decorated-link cursor-pointer\" rel=\"noopener\" data-start=\"2025\" data-end=\"2046\">info@wermlandslarm.se<\/a><\/strong> eller via telefon p\u00e5 <strong data-start=\"2070\" data-end=\"2089\">[telefonnummer]<\/strong>.<\/p>\t\t\t\t\t\t\t\t<\/div>\n\t\t\t\t\t<\/div>\n\t\t\t\t<\/div>\n\t\t\t\t<\/div>\n\t\t\n    <div class=\"xs_social_share_widget xs_share_url after_content \t\tmain_content  wslu-style-1 wslu-share-box-shaped wslu-fill-colored wslu-none wslu-share-horizontal wslu-theme-font-no wslu-main_content\">\n\n\t\t\n        <ul>\n\t\t\t        <\/ul>\n    <\/div> \n","protected":false},"excerpt":{"rendered":"<p>Integritetspolicy Integritetspolicy 1. Allm\u00e4nt Wermlands Larm v\u00e4rnar om din personliga integritet. Denna integritetspolicy beskriver hur vi samlar in, anv\u00e4nder och skyddar personuppgifter i samband med v\u00e5r webbplats och v\u00e5ra tj\u00e4nster, samt hur vi s\u00e4kerst\u00e4ller att behandlingen sker i enlighet med g\u00e4llande dataskyddslagstiftning. 2. Personuppgifter vi samlar in N\u00e4r du kontaktar oss via v\u00e5r webbplats, telefon [&hellip;]<\/p>\n","protected":false},"author":1,"featured_media":0,"parent":0,"menu_order":0,"comment_status":"closed","ping_status":"closed","template":"","meta":{"postBodyCss":"","postBodyMargin":[],"postBodyPadding":[],"postBodyBackground":{"backgroundType":"classic","gradient":""},"footnotes":""},"class_list":["post-810","page","type-page","status-publish","hentry"],"_hostinger_reach_plugin_has_subscription_block":false,"_hostinger_reach_plugin_is_elementor":false,"_links":{"self":[{"href":"https:\/\/wermlandslarm.se\/index.php?rest_route=\/wp\/v2\/pages\/810","targetHints":{"allow":["GET"]}}],"collection":[{"href":"https:\/\/wermlandslarm.se\/index.php?rest_route=\/wp\/v2\/pages"}],"about":[{"href":"https:\/\/wermlandslarm.se\/index.php?rest_route=\/wp\/v2\/types\/page"}],"author":[{"embeddable":true,"href":"https:\/\/wermlandslarm.se\/index.php?rest_route=\/wp\/v2\/users\/1"}],"replies":[{"embeddable":true,"href":"https:\/\/wermlandslarm.se\/index.php?rest_route=%2Fwp%2Fv2%2Fcomments&post=810"}],"version-history":[{"count":4,"href":"https:\/\/wermlandslarm.se\/index.php?rest_route=\/wp\/v2\/pages\/810\/revisions"}],"predecessor-version":[{"id":819,"href":"https:\/\/wermlandslarm.se\/index.php?rest_route=\/wp\/v2\/pages\/810\/revisions\/819"}],"wp:attachment":[{"href":"https:\/\/wermlandslarm.se\/index.php?rest_route=%2Fwp%2Fv2%2Fmedia&parent=810"}],"curies":[{"name":"wp","href":"https:\/\/api.w.org\/{rel}","templated":true}]}}