{"id":820,"date":"2025-12-26T17:29:54","date_gmt":"2025-12-26T17:29:54","guid":{"rendered":"https:\/\/peachpuff-crab-887725.hostingersite.com\/?page_id=820"},"modified":"2025-12-26T17:34:53","modified_gmt":"2025-12-26T17:34:53","slug":"cookiepolicy","status":"publish","type":"page","link":"https:\/\/wermlandslarm.se\/?page_id=820","title":{"rendered":"Cookiepolicy"},"content":{"rendered":"<style>.elementor-820 .elementor-element.elementor-element-12e2f0bb > .elementor-container > .elementor-column > .elementor-widget-wrap{align-content:center;align-items:center;}.elementor-820 .elementor-element.elementor-element-12e2f0bb:not(.elementor-motion-effects-element-type-background), .elementor-820 .elementor-element.elementor-element-12e2f0bb > .elementor-motion-effects-container > .elementor-motion-effects-layer{background-image:url(\"https:\/\/wermlandslarm.se\/wp-content\/uploads\/2025\/12\/aO-IR6-Security-Cam01.webp\");background-position:top center;background-repeat:no-repeat;background-size:cover;}.elementor-820 .elementor-element.elementor-element-12e2f0bb > .elementor-background-overlay{background-color:var( --e-global-color-f06adda );opacity:0.6;transition:background 0.3s, border-radius 0.3s, opacity 0.3s;}.elementor-820 .elementor-element.elementor-element-12e2f0bb > .elementor-container{min-height:500px;}.elementor-820 .elementor-element.elementor-element-12e2f0bb{transition:background 0.3s, border 0.3s, border-radius 0.3s, box-shadow 0.3s;margin-top:0px;margin-bottom:110px;padding:0px 15px 0px 15px;}.elementor-820 .elementor-element.elementor-element-62b8140c > .elementor-element-populated{transition:background 0.3s, border 0.3s, border-radius 0.3s, box-shadow 0.3s;margin:100px 0px 0px 0px;--e-column-margin-right:0px;--e-column-margin-left:0px;}.elementor-820 .elementor-element.elementor-element-62b8140c > .elementor-element-populated > .elementor-background-overlay{transition:background 0.3s, border-radius 0.3s, opacity 0.3s;}.elementor-820 .elementor-element.elementor-element-19755d83{text-align:center;}.elementor-820 .elementor-element.elementor-element-19755d83 .elementor-heading-title{color:var( --e-global-color-21bfb04 );}.elementor-820 .elementor-element.elementor-element-ebfc669{--display:flex;--flex-direction:column;--container-widget-width:100%;--container-widget-height:initial;--container-widget-flex-grow:0;--container-widget-align-self:initial;--flex-wrap-mobile:wrap;}.elementor-820 .elementor-element.elementor-element-5c346c1{text-align:center;}.elementor-820 .elementor-element.elementor-element-a3abe83{--display:flex;--flex-direction:column;--container-widget-width:100%;--container-widget-height:initial;--container-widget-flex-grow:0;--container-widget-align-self:initial;--flex-wrap-mobile:wrap;}.elementor-820 .elementor-element.elementor-element-9405dae{text-align:center;}:root{--page-title-display:none;}@media(max-width:1024px){.elementor-820 .elementor-element.elementor-element-62b8140c > .elementor-element-populated{margin:145px 0px 0px 0px;--e-column-margin-right:0px;--e-column-margin-left:0px;}}@media(max-width:767px){.elementor-820 .elementor-element.elementor-element-12e2f0bb > .elementor-container{min-height:450px;}.elementor-820 .elementor-element.elementor-element-12e2f0bb{margin-top:0px;margin-bottom:100px;}.elementor-820 .elementor-element.elementor-element-62b8140c > .elementor-element-populated{margin:200px 0px 0px 0px;--e-column-margin-right:0px;--e-column-margin-left:0px;}}<\/style>\t\t<div data-elementor-type=\"wp-page\" data-elementor-id=\"820\" class=\"elementor elementor-820\">\n\t\t\t\t\t\t<section class=\"elementor-section elementor-top-section elementor-element elementor-element-12e2f0bb elementor-section-height-min-height elementor-section-content-middle elementor-section-boxed elementor-section-height-default elementor-section-items-middle\" data-id=\"12e2f0bb\" data-element_type=\"section\" data-settings=\"{&quot;background_background&quot;:&quot;classic&quot;}\">\n\t\t\t\t\t\t\t<div class=\"elementor-background-overlay\"><\/div>\n\t\t\t\t\t\t\t<div class=\"elementor-container elementor-column-gap-no\">\n\t\t\t\t\t<div class=\"elementor-column elementor-col-100 elementor-top-column elementor-element elementor-element-62b8140c\" data-id=\"62b8140c\" data-element_type=\"column\" data-settings=\"{&quot;background_background&quot;:&quot;classic&quot;}\">\n\t\t\t<div class=\"elementor-widget-wrap elementor-element-populated\">\n\t\t\t\t\t\t<div class=\"elementor-element elementor-element-19755d83 elementor-widget elementor-widget-heading\" data-id=\"19755d83\" data-element_type=\"widget\" data-widget_type=\"heading.default\">\n\t\t\t\t\t<h1 class=\"elementor-heading-title elementor-size-default\">Cookiepolicy<\/h1>\t\t\t\t<\/div>\n\t\t\t\t\t<\/div>\n\t\t<\/div>\n\t\t\t\t\t<\/div>\n\t\t<\/section>\n\t\t<div class=\"elementor-element elementor-element-ebfc669 e-flex e-con-boxed e-con e-parent\" data-id=\"ebfc669\" data-element_type=\"container\">\n\t\t\t\t\t<div class=\"e-con-inner\">\n\t\t\t\t<div class=\"elementor-element elementor-element-5c346c1 elementor-widget elementor-widget-heading\" data-id=\"5c346c1\" data-element_type=\"widget\" data-widget_type=\"heading.default\">\n\t\t\t\t\t<h2 class=\"elementor-heading-title elementor-size-default\">Cookiepolicy<\/h2>\t\t\t\t<\/div>\n\t\t\t\t\t<\/div>\n\t\t\t\t<\/div>\n\t\t<div class=\"elementor-element elementor-element-a3abe83 e-flex e-con-boxed e-con e-parent\" data-id=\"a3abe83\" data-element_type=\"container\">\n\t\t\t\t\t<div class=\"e-con-inner\">\n\t\t\t\t<div class=\"elementor-element elementor-element-9405dae elementor-widget elementor-widget-text-editor\" data-id=\"9405dae\" data-element_type=\"widget\" data-widget_type=\"text-editor.default\">\n\t\t\t\t\t\t\t\t\t<p data-start=\"130\" data-end=\"384\">Wermlands Larm anv\u00e4nder cookies f\u00f6r att webbplatsen ska fungera korrekt, f\u00f6r att f\u00f6rb\u00e4ttra anv\u00e4ndarupplevelsen och f\u00f6r att samla in anonym statistik om hur webbplatsen anv\u00e4nds. Cookies \u00e4r sm\u00e5 textfiler som lagras p\u00e5 din enhet n\u00e4r du bes\u00f6ker en webbplats.<\/p><p data-start=\"386\" data-end=\"709\">Vissa cookies \u00e4r <strong data-start=\"403\" data-end=\"417\">n\u00f6dv\u00e4ndiga<\/strong> f\u00f6r att webbplatsen ska fungera och kan inte v\u00e4ljas bort. Dessa anv\u00e4nds exempelvis f\u00f6r grundl\u00e4ggande funktioner och s\u00e4kerhet. Andra cookies anv\u00e4nds f\u00f6r <strong data-start=\"570\" data-end=\"594\">statistik och analys<\/strong> och hj\u00e4lper oss att f\u00f6rst\u00e5 hur bes\u00f6kare anv\u00e4nder webbplatsen, s\u00e5 att vi kan f\u00f6rb\u00e4ttra inneh\u00e5ll och funktionalitet.<\/p><p data-start=\"711\" data-end=\"979\">Vid ditt f\u00f6rsta bes\u00f6k p\u00e5 webbplatsen visas en cookie-banner d\u00e4r du kan v\u00e4lja att acceptera eller avvisa icke n\u00f6dv\u00e4ndiga cookies. Du kan n\u00e4r som helst \u00e4ndra eller \u00e5terkalla ditt samtycke via inst\u00e4llningarna i webbl\u00e4saren eller via cookie-inst\u00e4llningarna p\u00e5 webbplatsen.<\/p><p data-start=\"981\" data-end=\"1170\">Vi anv\u00e4nder inte cookies f\u00f6r marknadsf\u00f6ring utan ditt samtycke och delar inte cookie-relaterad information med tredje part, f\u00f6rutom n\u00e4r det kr\u00e4vs f\u00f6r webbplatsens funktion eller enligt lag.<\/p>\t\t\t\t\t\t\t\t<\/div>\n\t\t\t\t\t<\/div>\n\t\t\t\t<\/div>\n\t\t\t\t<\/div>\n\t\t\n    <div class=\"xs_social_share_widget xs_share_url after_content \t\tmain_content  wslu-style-1 wslu-share-box-shaped wslu-fill-colored wslu-none wslu-share-horizontal wslu-theme-font-no wslu-main_content\">\n\n\t\t\n        <ul>\n\t\t\t        <\/ul>\n    <\/div> \n","protected":false},"excerpt":{"rendered":"<p>Cookiepolicy Cookiepolicy Wermlands Larm anv\u00e4nder cookies f\u00f6r att webbplatsen ska fungera korrekt, f\u00f6r att f\u00f6rb\u00e4ttra anv\u00e4ndarupplevelsen och f\u00f6r att samla in anonym statistik om hur webbplatsen anv\u00e4nds. Cookies \u00e4r sm\u00e5 textfiler som lagras p\u00e5 din enhet n\u00e4r du bes\u00f6ker en webbplats. Vissa cookies \u00e4r n\u00f6dv\u00e4ndiga f\u00f6r att webbplatsen ska fungera och kan inte v\u00e4ljas bort. [&hellip;]<\/p>\n","protected":false},"author":1,"featured_media":0,"parent":0,"menu_order":0,"comment_status":"closed","ping_status":"closed","template":"","meta":{"postBodyCss":"","postBodyMargin":[],"postBodyPadding":[],"postBodyBackground":{"backgroundType":"classic","gradient":""},"footnotes":""},"class_list":["post-820","page","type-page","status-publish","hentry"],"_hostinger_reach_plugin_has_subscription_block":false,"_hostinger_reach_plugin_is_elementor":false,"_links":{"self":[{"href":"https:\/\/wermlandslarm.se\/index.php?rest_route=\/wp\/v2\/pages\/820","targetHints":{"allow":["GET"]}}],"collection":[{"href":"https:\/\/wermlandslarm.se\/index.php?rest_route=\/wp\/v2\/pages"}],"about":[{"href":"https:\/\/wermlandslarm.se\/index.php?rest_route=\/wp\/v2\/types\/page"}],"author":[{"embeddable":true,"href":"https:\/\/wermlandslarm.se\/index.php?rest_route=\/wp\/v2\/users\/1"}],"replies":[{"embeddable":true,"href":"https:\/\/wermlandslarm.se\/index.php?rest_route=%2Fwp%2Fv2%2Fcomments&post=820"}],"version-history":[{"count":4,"href":"https:\/\/wermlandslarm.se\/index.php?rest_route=\/wp\/v2\/pages\/820\/revisions"}],"predecessor-version":[{"id":831,"href":"https:\/\/wermlandslarm.se\/index.php?rest_route=\/wp\/v2\/pages\/820\/revisions\/831"}],"wp:attachment":[{"href":"https:\/\/wermlandslarm.se\/index.php?rest_route=%2Fwp%2Fv2%2Fmedia&parent=820"}],"curies":[{"name":"wp","href":"https:\/\/api.w.org\/{rel}","templated":true}]}}